{"id":96,"date":"2019-11-05T14:51:25","date_gmt":"2019-11-05T13:51:25","guid":{"rendered":"https:\/\/www.learning-for-the-planet.org\/?page_id=96"},"modified":"2025-01-30T09:21:57","modified_gmt":"2025-01-30T08:21:57","slug":"qui-sommes-nous","status":"publish","type":"page","link":"https:\/\/www.learning-for-the-planet.org\/fr\/qui-sommes-nous\/","title":{"rendered":"Organisations"},"content":{"rendered":"\n<p class=\"has-primary-background-color has-background\"><em>Initi\u00e9 par Greenpeace, les trois organisations non gouvernementales Helvetas, Amnesty International et Greenpeace ont cr\u00e9e la plateforme \u00abLearning for the Planet\u00bb, qui permet de mettre \u00e0 la disposition des jeunes leurs offres \u00e9ducatives en mati\u00e8re de droits de l&rsquo;homme, de protection de l&rsquo;environnement et de justice sociale, comme base de l&rsquo;\u00e9ducation au d\u00e9veloppement durable. A partir de 2020, Solafrica a pris la responsabilit\u00e9 de ce projet et l&rsquo;a continu\u00e9.<\/em><\/p>\n\n\n\n<hr class=\"wp-block-separator has-css-opacity is-style-dots\"\/>\n\n\n\n<h4 class=\"wp-block-heading\">Greenpeace<\/h4>\n\n\n\n<p><a href=\"http:\/\/www.greenpeace.ch\/fr\/\">Greenpeace<\/a> est une organisation \u00e9cologiste internationale et ind\u00e9pendante qui promeut de mani\u00e8re globale et pacifique un monde \u00e9cologique, social et justes&rsquo;engage pour un monde \u00e9cologique, social et \u00e9quitable et donc, entre autres, pour une transition \u00e9nerg\u00e9tique globale.<\/p>\n\n\n\n<hr class=\"wp-block-separator has-css-opacity is-style-dots\"\/>\n\n\n\n<h4 class=\"wp-block-heading\">Amnesty International<\/h4>\n\n\n\n<p><a href=\"http:\/\/www.amnesty.ch\/fr\">Amnesty International<\/a> est un mouvement mondial auquel adh\u00e8rent des personnes qui s\u2019engagent pour le respect des droits humains et qui enqu\u00eate et documente leur violation. Amnesty International fait pression sur les autorit\u00e9s et les gouvernements concern\u00e9s et sensibilise l\u2019opinion publique. <\/p>\n\n\n\n<hr class=\"wp-block-separator has-css-opacity is-style-dots\"\/>\n\n\n\n<h4 class=\"wp-block-heading\">Helvetas<\/h4>\n\n\n\n<p><a href=\"http:\/\/www.helvetas.ch\/fr\/\">Helvetas<\/a> est une organisation de d\u00e9veloppement qui s\u2019engage pour l&rsquo;am\u00e9lioration des conditions de vie des personnes d\u00e9favoris\u00e9es en Asie, Afrique, Am\u00e9rique du Sud et Europe de l&rsquo;Est. Ses projets se concentrent sur les questions li\u00e9es \u00e0 l&rsquo;eau et aux infrastructures, \u00e0 l&rsquo;agriculture, \u00e0 l&rsquo;environnement et au climat, \u00e0 l&rsquo;\u00e9ducation et aux droits humains.<\/p>\n\n\n\n<hr class=\"wp-block-separator has-css-opacity is-style-dots\"\/>\n\n\n\n<h4 class=\"wp-block-heading\">Solafrica<\/h4>\n\n\n\n<p><a href=\"http:\/\/www.solafrica.ch\">Solafrica<\/a> est une organisation suisse ind\u00e9pendante \u00e0 but non lucratif qui promeut l&rsquo;utilisation de l&rsquo;\u00e9nergie solaire dans les pays africains et en Suisse afin de cr\u00e9er des opportunit\u00e9s de d\u00e9veloppement pour les personnes d\u00e9favoris\u00e9es et de prot\u00e9ger le climat.<\/p>\n\n\n\n<hr class=\"wp-block-separator has-css-opacity is-style-dots\"\/>\n\n\n\n<h4 class=\"wp-block-heading\">Soutenu par:&nbsp;<\/h4>\n\n\n\n<p>Stiftung Mercator Schweiz, Paul Schiller Stiftung, \u00e9ducation21<\/p>\n","protected":false},"excerpt":{"rendered":"<p>Initi\u00e9 par Greenpeace, les trois organisations non gouvernementales Helvetas, Amnesty International et Greenpeace ont cr\u00e9e la plateforme \u00abLearning for the Planet\u00bb, qui permet de mettre \u00e0 la disposition des jeunes leurs offres \u00e9ducatives en mati\u00e8re de droits de l&rsquo;homme, de protection de l&rsquo;environnement et de justice sociale, comme base de l&rsquo;\u00e9ducation au d\u00e9veloppement durable. A [&hellip;]<\/p>\n","protected":false},"author":2,"featured_media":0,"parent":0,"menu_order":0,"comment_status":"closed","ping_status":"closed","template":"","meta":{"footnotes":""},"class_list":["post-96","page","type-page","status-publish","hentry"],"_links":{"self":[{"href":"https:\/\/www.learning-for-the-planet.org\/fr\/wp-json\/wp\/v2\/pages\/96","targetHints":{"allow":["GET"]}}],"collection":[{"href":"https:\/\/www.learning-for-the-planet.org\/fr\/wp-json\/wp\/v2\/pages"}],"about":[{"href":"https:\/\/www.learning-for-the-planet.org\/fr\/wp-json\/wp\/v2\/types\/page"}],"author":[{"embeddable":true,"href":"https:\/\/www.learning-for-the-planet.org\/fr\/wp-json\/wp\/v2\/users\/2"}],"replies":[{"embeddable":true,"href":"https:\/\/www.learning-for-the-planet.org\/fr\/wp-json\/wp\/v2\/comments?post=96"}],"version-history":[{"count":8,"href":"https:\/\/www.learning-for-the-planet.org\/fr\/wp-json\/wp\/v2\/pages\/96\/revisions"}],"predecessor-version":[{"id":607,"href":"https:\/\/www.learning-for-the-planet.org\/fr\/wp-json\/wp\/v2\/pages\/96\/revisions\/607"}],"wp:attachment":[{"href":"https:\/\/www.learning-for-the-planet.org\/fr\/wp-json\/wp\/v2\/media?parent=96"}],"curies":[{"name":"wp","href":"https:\/\/api.w.org\/{rel}","templated":true}]}}