{"id":605,"date":"2025-01-30T09:22:02","date_gmt":"2025-01-30T08:22:02","guid":{"rendered":"https:\/\/www.learning-for-the-planet.org\/?page_id=605"},"modified":"2025-01-30T09:22:03","modified_gmt":"2025-01-30T08:22:03","slug":"organisationen","status":"publish","type":"page","link":"https:\/\/www.learning-for-the-planet.org\/fr\/organisationen\/","title":{"rendered":"Organisationen"},"content":{"rendered":"\n<p class=\"has-primary-background-color has-background\"><em>Initiiert von Greenpeace gr\u00fcndeten die drei Nicht-Regierungs-Organisationen (NGO) Helvetas, Amnesty International und Greenpeace die Plattform \u00abLearning for the Planet\u00bb mit der sie ihre Bildungsangebote f\u00fcr Menschenrechte, Umweltschutz und soziale Gerechtigkeit jungen Menschen geb\u00fcndelt zug\u00e4nglich machen, als Grundlage f\u00fcr Bildung zu nachhaltiger Entwicklung. Ab 2020 wurde das Projekt von Solafrica \u00fcbernommen und weitergef\u00fchrt.<\/em><\/p>\n\n\n\n<hr class=\"wp-block-separator has-css-opacity is-style-dots\"\/>\n\n\n\n<h3 class=\"wp-block-heading\"><strong>Greenpeace<\/strong><\/h3>\n\n\n\n<p><a href=\"http:\/\/www.greenpeace.ch\">Greenpeace<\/a> ist eine internationale Umweltorganisation, die sich global und gewaltfrei f\u00fcr eine \u00f6kologische, soziale und gerechte Welt einsetzt und damit unter anderem f\u00fcr eine globale Energiewende.<\/p>\n\n\n\n<h3 class=\"wp-block-heading\"><strong>Amnesty International<\/strong><\/h3>\n\n\n\n<p><a href=\"http:\/\/www.amnesty.ch\">Amnesty International<\/a> ist eine weltweite Bewegung, die sich f\u00fcr die Einhaltung der Menschenrechte einsetzt. Amnesty International macht Druck auf verantwortliche Beh\u00f6rden und Regierungen und informiert die breite \u00d6ffentlichkeit.<\/p>\n\n\n\n<h4 class=\"wp-block-heading\">Helvetas<\/h4>\n\n\n\n<p><a href=\"http:\/\/www.helvetas.ch\">Helvetas<\/a> ist eine Entwicklungsorganisation, die sich f\u00fcr bessere Lebensbedingungen von benachteiligten Menschen in Asien, Afrika, S\u00fcdamerika und Osteuropa einsetzt. Die Projekte konzentrieren sich auf die Bereiche Wasser, Infrastruktur, Landwirtschaft, Umwelt, Klima, Bildung und Menschenrechte.<\/p>\n\n\n\n<h4 class=\"wp-block-heading\">Solafrica<\/h4>\n\n\n\n<p><a href=\"http:\/\/www.solafrica.ch\">Solafrica<\/a> ist eine unabh\u00e4ngige Schweizer Non-Profit-Organisation, welche die Nutzung der Solarenergie in afrikanischen L\u00e4ndern und in der Schweiz f\u00f6rdert, um Entwicklungschancen f\u00fcr benachteiligte Menschen zu schaffen und das Klima zu sch\u00fctzen.<\/p>\n\n\n\n<hr class=\"wp-block-separator has-css-opacity is-style-dots\"\/>\n\n\n\n<h2 class=\"wp-block-heading\">Unterst\u00fctzt von:<\/h2>\n\n\n\n<p>Stiftung Mercator Schweiz, Paul Schiller Stiftung, \u00e9ducation21<\/p>\n","protected":false},"excerpt":{"rendered":"<p>Initiiert von Greenpeace gr\u00fcndeten die drei Nicht-Regierungs-Organisationen (NGO) Helvetas, Amnesty International und Greenpeace die Plattform \u00abLearning for the Planet\u00bb mit der sie ihre Bildungsangebote f\u00fcr Menschenrechte, Umweltschutz und soziale Gerechtigkeit jungen Menschen geb\u00fcndelt zug\u00e4nglich machen, als Grundlage f\u00fcr Bildung zu nachhaltiger Entwicklung. Ab 2020 wurde das Projekt von Solafrica \u00fcbernommen und weitergef\u00fchrt. Greenpeace Greenpeace ist [&hellip;]<\/p>\n","protected":false},"author":3,"featured_media":0,"parent":0,"menu_order":0,"comment_status":"closed","ping_status":"closed","template":"","meta":{"footnotes":""},"class_list":["post-605","page","type-page","status-publish","hentry"],"_links":{"self":[{"href":"https:\/\/www.learning-for-the-planet.org\/fr\/wp-json\/wp\/v2\/pages\/605","targetHints":{"allow":["GET"]}}],"collection":[{"href":"https:\/\/www.learning-for-the-planet.org\/fr\/wp-json\/wp\/v2\/pages"}],"about":[{"href":"https:\/\/www.learning-for-the-planet.org\/fr\/wp-json\/wp\/v2\/types\/page"}],"author":[{"embeddable":true,"href":"https:\/\/www.learning-for-the-planet.org\/fr\/wp-json\/wp\/v2\/users\/3"}],"replies":[{"embeddable":true,"href":"https:\/\/www.learning-for-the-planet.org\/fr\/wp-json\/wp\/v2\/comments?post=605"}],"version-history":[{"count":1,"href":"https:\/\/www.learning-for-the-planet.org\/fr\/wp-json\/wp\/v2\/pages\/605\/revisions"}],"predecessor-version":[{"id":608,"href":"https:\/\/www.learning-for-the-planet.org\/fr\/wp-json\/wp\/v2\/pages\/605\/revisions\/608"}],"wp:attachment":[{"href":"https:\/\/www.learning-for-the-planet.org\/fr\/wp-json\/wp\/v2\/media?parent=605"}],"curies":[{"name":"wp","href":"https:\/\/api.w.org\/{rel}","templated":true}]}}