{"id":24,"date":"2019-11-04T16:14:28","date_gmt":"2019-11-04T15:14:28","guid":{"rendered":"https:\/\/www.learning-for-the-planet.org\/?page_id=24"},"modified":"2025-01-29T16:51:19","modified_gmt":"2025-01-29T15:51:19","slug":"home","status":"publish","type":"page","link":"https:\/\/www.learning-for-the-planet.org\/fr\/","title":{"rendered":"Home"},"content":{"rendered":"\n<h2 class=\"wp-block-heading has-accent-color has-text-color\"><strong>Bienvenue \u00e0 Learning for the Planet<\/strong><\/h2>\n\n\n\n<p class=\"has-secondary-color has-text-color\"><strong>La page des \u00e9tudiant(e)s pour l&rsquo;\u00e9ducation au d\u00e9veloppement durable<\/strong><\/p>\n\n\n\n<p><br><em>Cette plate-forme en ligne est destin\u00e9e aux&nbsp;\u00e9tudiant(e)s des \u00e9coles professionnelles et aux&nbsp;gymnastes\/ne\/s&nbsp;(voir&nbsp;<a class=\"\" href=\"https:\/\/www.learning-for-the-planet.org\/fr\/travaux-de-maturite\/\">page s\u00e9par\u00e9e<\/a>) qui souhaitent travailler pour le d\u00e9veloppement durable.<\/em><\/p>\n\n\n\n<p><\/p>\n\n\n\n<p><\/p>\n\n\n\n<p><br><span style=\"text-decoration: underline;\">Ecole professionelle<\/span>:<br>Votre \u00e9cole professionnelle attend de vous un travail \u00e9crit complet ou la r\u00e9alisation d&rsquo;un projet. Lors des semaines \u00e0 venir, vous allez \u00e9crire un travail personnel d\u2019approfondissement, un projet interdisciplinaire ou votre travail de maturit\u00e9 professionnelle. Depuis des jours, vous vous creusez la t\u00eate pour savoir quel sujet aborder. Vous avez peut-\u00eatre d\u00e9j\u00e0 \u00e9norm\u00e9ment d&rsquo;id\u00e9es, ou au contraire encore aucune id\u00e9e de la mani\u00e8re dont vous pourriez trouver un sujet pour votre travail. Afin que vous puissiez vous orienter au mieux, vous trouverez ici des outils qui peuvent vous \u00eatre utiles dans votre cheminement.<\/p>\n\n\n\n<h2 class=\"wp-block-heading\"><strong>Initiatrices<\/strong><\/h2>\n\n\n\n<p>Le projet Learning-for-the-Planet a \u00e9t\u00e9 lanc\u00e9 par\u00a0<a class=\"\" href=\"https:\/\/www.greenpeace.ch\/fr\/\">Greenpeace<\/a>,\u00a0<a class=\"\" href=\"https:\/\/www.helvetas.org\/fr\/suisse\">Helvetas<\/a>\u00a0et\u00a0<a class=\"\" href=\"https:\/\/www.amnesty.ch\/fr\/home\">Amnesty International<\/a>, et plus tard, <a href=\"http:\/\/www.solafrica.ch\">Solafrica<\/a> a pris la responsabilit\u00e9 et l&rsquo;a actualis\u00e9.<\/p>\n\n\n\n<p><\/p>\n\n\n\n<h2 class=\"wp-block-heading\"><strong>Partenaires<\/strong><\/h2>\n\n\n\n<p>D&rsquo;autres mat\u00e9riaux pour le travail personnel et pour les enseignants sont disponibles dans le projet <a href=\"https:\/\/solafrica.ch\/projekte\/sgs-suisse\/experiences\/\">Scouts go Solar<\/a>, par example, avec beaucoup des exp\u00e9riences solaires.<\/p>\n","protected":false},"excerpt":{"rendered":"<p>Bienvenue \u00e0 Learning for the Planet La page des \u00e9tudiant(e)s pour l&rsquo;\u00e9ducation au d\u00e9veloppement durable Cette plate-forme en ligne est destin\u00e9e aux&nbsp;\u00e9tudiant(e)s des \u00e9coles professionnelles et aux&nbsp;gymnastes\/ne\/s&nbsp;(voir&nbsp;page s\u00e9par\u00e9e) qui souhaitent travailler pour le d\u00e9veloppement durable. Ecole professionelle:Votre \u00e9cole professionnelle attend de vous un travail \u00e9crit complet ou la r\u00e9alisation d&rsquo;un projet. Lors des semaines \u00e0 [&hellip;]<\/p>\n","protected":false},"author":2,"featured_media":0,"parent":0,"menu_order":0,"comment_status":"closed","ping_status":"open","template":"","meta":{"footnotes":""},"class_list":["post-24","page","type-page","status-publish","hentry"],"_links":{"self":[{"href":"https:\/\/www.learning-for-the-planet.org\/fr\/wp-json\/wp\/v2\/pages\/24","targetHints":{"allow":["GET"]}}],"collection":[{"href":"https:\/\/www.learning-for-the-planet.org\/fr\/wp-json\/wp\/v2\/pages"}],"about":[{"href":"https:\/\/www.learning-for-the-planet.org\/fr\/wp-json\/wp\/v2\/types\/page"}],"author":[{"embeddable":true,"href":"https:\/\/www.learning-for-the-planet.org\/fr\/wp-json\/wp\/v2\/users\/2"}],"replies":[{"embeddable":true,"href":"https:\/\/www.learning-for-the-planet.org\/fr\/wp-json\/wp\/v2\/comments?post=24"}],"version-history":[{"count":18,"href":"https:\/\/www.learning-for-the-planet.org\/fr\/wp-json\/wp\/v2\/pages\/24\/revisions"}],"predecessor-version":[{"id":571,"href":"https:\/\/www.learning-for-the-planet.org\/fr\/wp-json\/wp\/v2\/pages\/24\/revisions\/571"}],"wp:attachment":[{"href":"https:\/\/www.learning-for-the-planet.org\/fr\/wp-json\/wp\/v2\/media?parent=24"}],"curies":[{"name":"wp","href":"https:\/\/api.w.org\/{rel}","templated":true}]}}